{"id":7,"date":"2021-09-06T16:31:29","date_gmt":"2021-09-06T16:31:29","guid":{"rendered":"https:\/\/fixit.mk\/?page_id=7"},"modified":"2024-10-01T21:45:45","modified_gmt":"2024-10-01T21:45:45","slug":"home","status":"publish","type":"page","link":"https:\/\/fixit.mk\/tr\/","title":{"rendered":"Home"},"content":{"rendered":"\t\t<div data-elementor-type=\"wp-page\" data-elementor-id=\"7\" class=\"elementor elementor-7\" data-elementor-post-type=\"page\">\n\t\t\t\t\t\t<section class=\"elementor-section elementor-top-section elementor-element elementor-element-3a9f154 elementor-section-boxed elementor-section-height-default elementor-section-height-default\" data-id=\"3a9f154\" data-element_type=\"section\" data-e-type=\"section\">\n\t\t\t\t\t\t<div class=\"elementor-container elementor-column-gap-default\">\n\t\t\t\t\t<div class=\"elementor-column elementor-col-100 elementor-top-column elementor-element elementor-element-363a820\" data-id=\"363a820\" data-element_type=\"column\" data-e-type=\"column\">\n\t\t\t<div class=\"elementor-widget-wrap elementor-element-populated\">\n\t\t\t\t\t\t<div class=\"elementor-element elementor-element-7dc94e0 elementor-widget elementor-widget-image\" data-id=\"7dc94e0\" data-element_type=\"widget\" data-e-type=\"widget\" data-settings=\"{&quot;motion_fx_motion_fx_mouse&quot;:&quot;yes&quot;,&quot;motion_fx_mouseTrack_effect&quot;:&quot;yes&quot;,&quot;motion_fx_mouseTrack_speed&quot;:{&quot;unit&quot;:&quot;px&quot;,&quot;size&quot;:0.200000000000000011102230246251565404236316680908203125,&quot;sizes&quot;:[]},&quot;motion_fx_motion_fx_scrolling&quot;:&quot;yes&quot;,&quot;motion_fx_translateY_effect&quot;:&quot;yes&quot;,&quot;motion_fx_translateY_direction&quot;:&quot;negative&quot;,&quot;motion_fx_translateY_affectedRange&quot;:{&quot;unit&quot;:&quot;%&quot;,&quot;size&quot;:&quot;&quot;,&quot;sizes&quot;:{&quot;start&quot;:30,&quot;end&quot;:67}},&quot;motion_fx_devices&quot;:[&quot;desktop&quot;],&quot;motion_fx_tilt_effect&quot;:&quot;yes&quot;,&quot;motion_fx_tilt_direction&quot;:&quot;negative&quot;,&quot;motion_fx_tilt_speed&quot;:{&quot;unit&quot;:&quot;px&quot;,&quot;size&quot;:2,&quot;sizes&quot;:[]},&quot;motion_fx_translateY_speed&quot;:{&quot;unit&quot;:&quot;px&quot;,&quot;size&quot;:4,&quot;sizes&quot;:[]}}\" data-widget_type=\"image.default\">\n\t\t\t\t<div class=\"elementor-widget-container\">\n\t\t\t\t\t\t\t\t\t\t\t\t\t\t\t\t<a href=\"https:\/\/fixit.mk\/tr\/urun\/dji-avata-2-fly-more-combo-three-batteries\/\">\n\t\t\t\t\t\t\t<img decoding=\"async\" src=\"https:\/\/fixit.mk\/wp-content\/uploads\/elementor\/thumbs\/avata2-quxpw4sk0sc6efw597asbuolonxk4yw007zrifjgvm.png\" title=\"avata2\" alt=\"avata2\" loading=\"lazy\" \/>\t\t\t\t\t\t\t\t<\/a>\n\t\t\t\t\t\t\t\t\t\t\t\t\t\t\t<\/div>\n\t\t\t\t<\/div>\n\t\t\t\t<div class=\"elementor-element elementor-element-bdfc7d8 elementor-absolute elementor-widget elementor-widget-heading\" data-id=\"bdfc7d8\" data-element_type=\"widget\" data-e-type=\"widget\" data-settings=\"{&quot;_position&quot;:&quot;absolute&quot;,&quot;motion_fx_motion_fx_mouse&quot;:&quot;yes&quot;,&quot;motion_fx_mouseTrack_effect&quot;:&quot;yes&quot;,&quot;motion_fx_mouseTrack_speed&quot;:{&quot;unit&quot;:&quot;px&quot;,&quot;size&quot;:0.5,&quot;sizes&quot;:[]},&quot;motion_fx_tilt_effect&quot;:&quot;yes&quot;,&quot;motion_fx_tilt_speed&quot;:{&quot;unit&quot;:&quot;px&quot;,&quot;size&quot;:2,&quot;sizes&quot;:[]},&quot;motion_fx_motion_fx_scrolling&quot;:&quot;yes&quot;,&quot;motion_fx_devices&quot;:[&quot;desktop&quot;]}\" data-widget_type=\"heading.default\">\n\t\t\t\t<div class=\"elementor-widget-container\">\n\t\t\t\t\t<h1 class=\"elementor-heading-title elementor-size-default\">DJI AVATA 2<\/h1>\t\t\t\t<\/div>\n\t\t\t\t<\/div>\n\t\t\t\t<div class=\"elementor-element elementor-element-c36dbbb elementor-absolute elementor-widget elementor-widget-heading\" data-id=\"c36dbbb\" data-element_type=\"widget\" data-e-type=\"widget\" data-settings=\"{&quot;_position&quot;:&quot;absolute&quot;}\" data-widget_type=\"heading.default\">\n\t\t\t\t<div class=\"elementor-widget-container\">\n\t\t\t\t\t<h2 class=\"elementor-heading-title elementor-size-default\">FPV Drone<\/h2>\t\t\t\t<\/div>\n\t\t\t\t<\/div>\n\t\t\t\t\t<\/div>\n\t\t<\/div>\n\t\t\t\t\t<\/div>\n\t\t<\/section>\n\t\t\t\t<section class=\"elementor-section elementor-top-section elementor-element elementor-element-3fc3c64 elementor-section-boxed elementor-section-height-default elementor-section-height-default\" data-id=\"3fc3c64\" data-element_type=\"section\" data-e-type=\"section\">\n\t\t\t\t\t\t<div class=\"elementor-container elementor-column-gap-default\">\n\t\t\t\t\t<div class=\"elementor-column elementor-col-100 elementor-top-column elementor-element elementor-element-86663ee\" data-id=\"86663ee\" data-element_type=\"column\" data-e-type=\"column\">\n\t\t\t<div class=\"elementor-widget-wrap elementor-element-populated\">\n\t\t\t\t\t\t<div class=\"elementor-element elementor-element-8916ba1 elementor-grid-tablet-3 elementor-product-loop-item--align-left elementor-grid-4 elementor-grid-mobile-2 elementor-products-grid elementor-wc-products elementor-widget elementor-widget-woocommerce-products\" data-id=\"8916ba1\" data-element_type=\"widget\" data-e-type=\"widget\" data-widget_type=\"woocommerce-products.default\">\n\t\t\t\t<div class=\"elementor-widget-container\">\n\t\t\t\t\t<div class=\"woocommerce columns-4 \"><ul class=\"products elementor-grid columns-4\">\n<li class=\"product type-product post-2658 status-publish first instock product_cat-dji has-post-thumbnail sale featured shipping-taxable purchasable product-type-simple\">\n\t<a href=\"https:\/\/fixit.mk\/tr\/urun\/mavic-3-fly-more-kit\/\" class=\"woocommerce-LoopProduct-link woocommerce-loop-product__link\">\n\t<span class=\"onsale\">\u0130ndirim!<\/span>\n\t<img fetchpriority=\"high\" decoding=\"async\" width=\"600\" height=\"600\" src=\"https:\/\/fixit.mk\/wp-content\/uploads\/2024\/11\/Fixit-web-1-600x600.jpg\" class=\"attachment-woocommerce_thumbnail size-woocommerce_thumbnail\" alt=\"Mavic 3 Fly More Kit\" srcset=\"https:\/\/fixit.mk\/wp-content\/uploads\/2024\/11\/Fixit-web-1-600x600.jpg 600w, https:\/\/fixit.mk\/wp-content\/uploads\/2024\/11\/Fixit-web-1-300x300.jpg 300w, https:\/\/fixit.mk\/wp-content\/uploads\/2024\/11\/Fixit-web-1-150x150.jpg 150w, https:\/\/fixit.mk\/wp-content\/uploads\/2024\/11\/Fixit-web-1-768x768.jpg 768w, https:\/\/fixit.mk\/wp-content\/uploads\/2024\/11\/Fixit-web-1-12x12.jpg 12w, https:\/\/fixit.mk\/wp-content\/uploads\/2024\/11\/Fixit-web-1-800x800.jpg 800w, https:\/\/fixit.mk\/wp-content\/uploads\/2024\/11\/Fixit-web-1-100x100.jpg 100w, https:\/\/fixit.mk\/wp-content\/uploads\/2024\/11\/Fixit-web-1.jpg 1000w\" sizes=\"(max-width: 600px) 100vw, 600px\" \/><h2 class=\"woocommerce-loop-product__title\">Mavic 3 Fly More Kit<\/h2>\n\t<span class=\"price\"><span class=\"woocs_price_code\" data-currency=\"\" data-redraw-id=\"69e972587411d\"  data-product-id=\"2658\"><del aria-hidden=\"true\"><span class=\"woocommerce-Price-amount amount\"><bdi>598&nbsp;<span class=\"woocommerce-Price-currencySymbol\">&euro;<\/span><\/bdi><\/span><\/del> <span class=\"screen-reader-text\">Orijinal fiyat: 598&nbsp;&euro;.<\/span><ins aria-hidden=\"true\"><span class=\"woocommerce-Price-amount amount\"><bdi>450&nbsp;<span class=\"woocommerce-Price-currencySymbol\">&euro;<\/span><\/bdi><\/span><\/ins><span class=\"screen-reader-text\">\u015eu andaki fiyat: 450&nbsp;&euro;.<\/span><\/span><\/span>\n<\/a><div class=\"woocommerce-loop-product__buttons\"><a href=\"\/tr\/wp-json\/wp\/v2\/pages\/7?add-to-cart=2658\" aria-describedby=\"woocommerce_loop_add_to_cart_link_describedby_2658\" data-quantity=\"1\" class=\"button product_type_simple add_to_cart_button ajax_add_to_cart\" data-product_id=\"2658\" data-product_sku=\"\" aria-label=\"Sepete ekle: \u201cMavic 3 Fly More Kit\u201d\" rel=\"nofollow\" data-success_message=\"&quot;Mavic 3 Fly More Kit&quot; sepetinize eklendi\" role=\"button\">Sepete Ekle<\/a><\/div>\t<span id=\"woocommerce_loop_add_to_cart_link_describedby_2658\" class=\"screen-reader-text\">\n\t\t\t<\/span>\n<\/li>\n<li class=\"product type-product post-2690 status-publish outofstock product_cat-apple has-post-thumbnail sale featured shipping-taxable purchasable product-type-variable\">\n\t<a href=\"https:\/\/fixit.mk\/tr\/urun\/iphone-16-plus\/\" class=\"woocommerce-LoopProduct-link woocommerce-loop-product__link\">\n\t<span class=\"onsale\">\u0130ndirim!<\/span>\n\t<img decoding=\"async\" width=\"600\" height=\"600\" src=\"https:\/\/fixit.mk\/wp-content\/uploads\/2024\/11\/1-600x600.jpg\" class=\"attachment-woocommerce_thumbnail size-woocommerce_thumbnail\" alt=\"iPhone 16 Plus\" srcset=\"https:\/\/fixit.mk\/wp-content\/uploads\/2024\/11\/1-600x600.jpg 600w, https:\/\/fixit.mk\/wp-content\/uploads\/2024\/11\/1-300x300.jpg 300w, https:\/\/fixit.mk\/wp-content\/uploads\/2024\/11\/1-150x150.jpg 150w, https:\/\/fixit.mk\/wp-content\/uploads\/2024\/11\/1-768x768.jpg 768w, https:\/\/fixit.mk\/wp-content\/uploads\/2024\/11\/1-12x12.jpg 12w, https:\/\/fixit.mk\/wp-content\/uploads\/2024\/11\/1-800x800.jpg 800w, https:\/\/fixit.mk\/wp-content\/uploads\/2024\/11\/1-100x100.jpg 100w, https:\/\/fixit.mk\/wp-content\/uploads\/2024\/11\/1.jpg 1000w\" sizes=\"(max-width: 600px) 100vw, 600px\" \/><h2 class=\"woocommerce-loop-product__title\">iPhone 16 Plus<\/h2>\n\t<span class=\"price\"><span class=\"woocs_price_code\" data-currency=\"\" data-redraw-id=\"69e9725875075\"  data-product-id=\"2690\"><del aria-hidden=\"true\"><span class=\"woocommerce-Price-amount amount\"><bdi>920&nbsp;<span class=\"woocommerce-Price-currencySymbol\">&euro;<\/span><\/bdi><\/span><\/del> <span class=\"screen-reader-text\">Orijinal fiyat: 920&nbsp;&euro;.<\/span><ins aria-hidden=\"true\"><span class=\"woocommerce-Price-amount amount\"><bdi>850&nbsp;<span class=\"woocommerce-Price-currencySymbol\">&euro;<\/span><\/bdi><\/span><\/ins><span class=\"screen-reader-text\">\u015eu andaki fiyat: 850&nbsp;&euro;.<\/span><\/span><\/span>\n<\/a><div class=\"woocommerce-loop-product__buttons\"><a href=\"https:\/\/fixit.mk\/tr\/urun\/iphone-16-plus\/\" aria-describedby=\"woocommerce_loop_add_to_cart_link_describedby_2690\" data-quantity=\"1\" class=\"button product_type_variable\" data-product_id=\"2690\" data-product_sku=\"\" aria-label=\"&ldquo;iPhone 16 Plus&rdquo; i\u00e7in se\u00e7enekleri se\u00e7in\" rel=\"nofollow\">Se\u00e7enekler<\/a><\/div>\t<span id=\"woocommerce_loop_add_to_cart_link_describedby_2690\" class=\"screen-reader-text\">\n\t\tBu \u00fcr\u00fcn\u00fcn birden fazla varyasyonu var. Se\u00e7enekler \u00fcr\u00fcn sayfas\u0131ndan se\u00e7ilebilir\t<\/span>\n<\/li>\n<li class=\"product type-product post-2574 status-publish instock product_cat-dji has-post-thumbnail featured shipping-taxable purchasable product-type-simple\">\n\t<a href=\"https:\/\/fixit.mk\/tr\/urun\/dji-mini-4k-fly-more-combo\/\" class=\"woocommerce-LoopProduct-link woocommerce-loop-product__link\"><img decoding=\"async\" width=\"600\" height=\"600\" src=\"https:\/\/fixit.mk\/wp-content\/uploads\/2024\/10\/DJI-neo-fly-more-combo-1-600x600.png\" class=\"attachment-woocommerce_thumbnail size-woocommerce_thumbnail\" alt=\"DJI Mini 4K Fly More Combo\" srcset=\"https:\/\/fixit.mk\/wp-content\/uploads\/2024\/10\/DJI-neo-fly-more-combo-1-600x600.png 600w, https:\/\/fixit.mk\/wp-content\/uploads\/2024\/10\/DJI-neo-fly-more-combo-1-300x300.png 300w, https:\/\/fixit.mk\/wp-content\/uploads\/2024\/10\/DJI-neo-fly-more-combo-1-150x150.png 150w, https:\/\/fixit.mk\/wp-content\/uploads\/2024\/10\/DJI-neo-fly-more-combo-1-768x768.png 768w, https:\/\/fixit.mk\/wp-content\/uploads\/2024\/10\/DJI-neo-fly-more-combo-1-12x12.png 12w, https:\/\/fixit.mk\/wp-content\/uploads\/2024\/10\/DJI-neo-fly-more-combo-1-800x800.png 800w, https:\/\/fixit.mk\/wp-content\/uploads\/2024\/10\/DJI-neo-fly-more-combo-1-100x100.png 100w, https:\/\/fixit.mk\/wp-content\/uploads\/2024\/10\/DJI-neo-fly-more-combo-1.png 1000w\" sizes=\"(max-width: 600px) 100vw, 600px\" \/><h2 class=\"woocommerce-loop-product__title\">DJI Mini 4K Fly More Combo<\/h2>\n\t<span class=\"price\"><span class=\"woocs_price_code\" data-currency=\"\" data-redraw-id=\"69e9725877922\"  data-product-id=\"2574\"><span class=\"woocommerce-Price-amount amount\"><bdi>535&nbsp;<span class=\"woocommerce-Price-currencySymbol\">&euro;<\/span><\/bdi><\/span><\/span><\/span>\n<\/a><div class=\"woocommerce-loop-product__buttons\"><a href=\"\/tr\/wp-json\/wp\/v2\/pages\/7?add-to-cart=2574\" aria-describedby=\"woocommerce_loop_add_to_cart_link_describedby_2574\" data-quantity=\"1\" class=\"button product_type_simple add_to_cart_button ajax_add_to_cart\" data-product_id=\"2574\" data-product_sku=\"\" aria-label=\"Sepete ekle: \u201cDJI Mini 4K Fly More Combo\u201d\" rel=\"nofollow\" data-success_message=\"&quot;DJI Mini 4K Fly More Combo&quot; sepetinize eklendi\" role=\"button\">Sepete Ekle<\/a><\/div>\t<span id=\"woocommerce_loop_add_to_cart_link_describedby_2574\" class=\"screen-reader-text\">\n\t\t\t<\/span>\n<\/li>\n<li class=\"product type-product post-3157 status-publish last instock product_cat-apple has-post-thumbnail sale featured shipping-taxable purchasable product-type-variable\">\n\t<a href=\"https:\/\/fixit.mk\/tr\/urun\/iphone-17-pro\/\" class=\"woocommerce-LoopProduct-link woocommerce-loop-product__link\">\n\t<span class=\"onsale\">\u0130ndirim!<\/span>\n\t<img loading=\"lazy\" decoding=\"async\" width=\"600\" height=\"600\" src=\"https:\/\/fixit.mk\/wp-content\/uploads\/2025\/11\/mavic-4-pro-dji-rc-2-6-600x600.jpg\" class=\"attachment-woocommerce_thumbnail size-woocommerce_thumbnail\" alt=\"iPhone 17 Pro\" srcset=\"https:\/\/fixit.mk\/wp-content\/uploads\/2025\/11\/mavic-4-pro-dji-rc-2-6-600x600.jpg 600w, https:\/\/fixit.mk\/wp-content\/uploads\/2025\/11\/mavic-4-pro-dji-rc-2-6-300x300.jpg 300w, https:\/\/fixit.mk\/wp-content\/uploads\/2025\/11\/mavic-4-pro-dji-rc-2-6-150x150.jpg 150w, https:\/\/fixit.mk\/wp-content\/uploads\/2025\/11\/mavic-4-pro-dji-rc-2-6-768x768.jpg 768w, https:\/\/fixit.mk\/wp-content\/uploads\/2025\/11\/mavic-4-pro-dji-rc-2-6-12x12.jpg 12w, https:\/\/fixit.mk\/wp-content\/uploads\/2025\/11\/mavic-4-pro-dji-rc-2-6-800x800.jpg 800w, https:\/\/fixit.mk\/wp-content\/uploads\/2025\/11\/mavic-4-pro-dji-rc-2-6-100x100.jpg 100w, https:\/\/fixit.mk\/wp-content\/uploads\/2025\/11\/mavic-4-pro-dji-rc-2-6.jpg 1000w\" sizes=\"(max-width: 600px) 100vw, 600px\" \/><h2 class=\"woocommerce-loop-product__title\">iPhone 17 Pro<\/h2>\n\t<span class=\"price\"><span class=\"woocs_price_code\" data-currency=\"\" data-redraw-id=\"69e972587855a\"  data-product-id=\"3157\"><del aria-hidden=\"true\"><span class=\"woocommerce-Price-amount amount\"><bdi>1.300&nbsp;<span class=\"woocommerce-Price-currencySymbol\">&euro;<\/span><\/bdi><\/span><\/del> <span class=\"screen-reader-text\">Orijinal fiyat: 1.300&nbsp;&euro;.<\/span><ins aria-hidden=\"true\"><span class=\"woocommerce-Price-amount amount\"><bdi>1.180&nbsp;<span class=\"woocommerce-Price-currencySymbol\">&euro;<\/span><\/bdi><\/span><\/ins><span class=\"screen-reader-text\">\u015eu andaki fiyat: 1.180&nbsp;&euro;.<\/span><\/span><\/span>\n<\/a><div class=\"woocommerce-loop-product__buttons\"><a href=\"https:\/\/fixit.mk\/tr\/urun\/iphone-17-pro\/\" aria-describedby=\"woocommerce_loop_add_to_cart_link_describedby_3157\" data-quantity=\"1\" class=\"button product_type_variable add_to_cart_button\" data-product_id=\"3157\" data-product_sku=\"\" aria-label=\"&ldquo;iPhone 17 Pro&rdquo; i\u00e7in se\u00e7enekleri se\u00e7in\" rel=\"nofollow\">Se\u00e7enekler<\/a><\/div>\t<span id=\"woocommerce_loop_add_to_cart_link_describedby_3157\" class=\"screen-reader-text\">\n\t\tBu \u00fcr\u00fcn\u00fcn birden fazla varyasyonu var. Se\u00e7enekler \u00fcr\u00fcn sayfas\u0131ndan se\u00e7ilebilir\t<\/span>\n<\/li>\n<li class=\"product type-product post-2655 status-publish first outofstock product_cat-dji has-post-thumbnail sale featured shipping-taxable purchasable product-type-simple\">\n\t<a href=\"https:\/\/fixit.mk\/tr\/urun\/dji-mini-2-se\/\" class=\"woocommerce-LoopProduct-link woocommerce-loop-product__link\">\n\t<span class=\"onsale\">\u0130ndirim!<\/span>\n\t<img loading=\"lazy\" decoding=\"async\" width=\"600\" height=\"600\" src=\"https:\/\/fixit.mk\/wp-content\/uploads\/2024\/11\/Fixit-web-copy-600x600.png\" class=\"attachment-woocommerce_thumbnail size-woocommerce_thumbnail\" alt=\"DJI Mini 2 SE\" srcset=\"https:\/\/fixit.mk\/wp-content\/uploads\/2024\/11\/Fixit-web-copy-600x600.png 600w, https:\/\/fixit.mk\/wp-content\/uploads\/2024\/11\/Fixit-web-copy-300x300.png 300w, https:\/\/fixit.mk\/wp-content\/uploads\/2024\/11\/Fixit-web-copy-150x150.png 150w, https:\/\/fixit.mk\/wp-content\/uploads\/2024\/11\/Fixit-web-copy-768x768.png 768w, https:\/\/fixit.mk\/wp-content\/uploads\/2024\/11\/Fixit-web-copy-12x12.png 12w, https:\/\/fixit.mk\/wp-content\/uploads\/2024\/11\/Fixit-web-copy-800x800.png 800w, https:\/\/fixit.mk\/wp-content\/uploads\/2024\/11\/Fixit-web-copy-100x100.png 100w, https:\/\/fixit.mk\/wp-content\/uploads\/2024\/11\/Fixit-web-copy.png 1000w\" sizes=\"(max-width: 600px) 100vw, 600px\" \/><h2 class=\"woocommerce-loop-product__title\">DJI Mini 2 SE<\/h2>\n\t<span class=\"price\"><span class=\"woocs_price_code\" data-currency=\"\" data-redraw-id=\"69e972587a59d\"  data-product-id=\"2655\"><del aria-hidden=\"true\"><span class=\"woocommerce-Price-amount amount\"><bdi>389&nbsp;<span class=\"woocommerce-Price-currencySymbol\">&euro;<\/span><\/bdi><\/span><\/del> <span class=\"screen-reader-text\">Orijinal fiyat: 389&nbsp;&euro;.<\/span><ins aria-hidden=\"true\"><span class=\"woocommerce-Price-amount amount\"><bdi>350&nbsp;<span class=\"woocommerce-Price-currencySymbol\">&euro;<\/span><\/bdi><\/span><\/ins><span class=\"screen-reader-text\">\u015eu andaki fiyat: 350&nbsp;&euro;.<\/span><\/span><\/span>\n<\/a><div class=\"woocommerce-loop-product__buttons\"><a href=\"https:\/\/fixit.mk\/tr\/urun\/dji-mini-2-se\/\" aria-describedby=\"woocommerce_loop_add_to_cart_link_describedby_2655\" data-quantity=\"1\" class=\"button product_type_simple\" data-product_id=\"2655\" data-product_sku=\"\" aria-label=\"&ldquo;DJI Mini 2 SE&rdquo; hakk\u0131nda daha fazla bilgi edinin\" rel=\"nofollow\" data-success_message=\"\">Devam\u0131n\u0131 oku<\/a><\/div>\t<span id=\"woocommerce_loop_add_to_cart_link_describedby_2655\" class=\"screen-reader-text\">\n\t\t\t<\/span>\n<\/li>\n<li class=\"product type-product post-2663 status-publish outofstock product_cat-dji has-post-thumbnail sale featured shipping-taxable purchasable product-type-simple\">\n\t<a href=\"https:\/\/fixit.mk\/tr\/urun\/dji-mic-2-wireless-microphone\/\" class=\"woocommerce-LoopProduct-link woocommerce-loop-product__link\">\n\t<span class=\"onsale\">\u0130ndirim!<\/span>\n\t<img loading=\"lazy\" decoding=\"async\" width=\"600\" height=\"600\" src=\"https:\/\/fixit.mk\/wp-content\/uploads\/2024\/11\/Fixit-web-1-600x600.png\" class=\"attachment-woocommerce_thumbnail size-woocommerce_thumbnail\" alt=\"DJI Mic 2 Wireless Microphone\" srcset=\"https:\/\/fixit.mk\/wp-content\/uploads\/2024\/11\/Fixit-web-1-600x600.png 600w, https:\/\/fixit.mk\/wp-content\/uploads\/2024\/11\/Fixit-web-1-300x300.png 300w, https:\/\/fixit.mk\/wp-content\/uploads\/2024\/11\/Fixit-web-1-150x150.png 150w, https:\/\/fixit.mk\/wp-content\/uploads\/2024\/11\/Fixit-web-1-768x768.png 768w, https:\/\/fixit.mk\/wp-content\/uploads\/2024\/11\/Fixit-web-1-12x12.png 12w, https:\/\/fixit.mk\/wp-content\/uploads\/2024\/11\/Fixit-web-1-800x800.png 800w, https:\/\/fixit.mk\/wp-content\/uploads\/2024\/11\/Fixit-web-1-100x100.png 100w, https:\/\/fixit.mk\/wp-content\/uploads\/2024\/11\/Fixit-web-1.png 1000w\" sizes=\"(max-width: 600px) 100vw, 600px\" \/><h2 class=\"woocommerce-loop-product__title\">DJI Mic 2 Wireless Microphone<\/h2>\n\t<span class=\"price\"><span class=\"woocs_price_code\" data-currency=\"\" data-redraw-id=\"69e972587ad09\"  data-product-id=\"2663\"><del aria-hidden=\"true\"><span class=\"woocommerce-Price-amount amount\"><bdi>285&nbsp;<span class=\"woocommerce-Price-currencySymbol\">&euro;<\/span><\/bdi><\/span><\/del> <span class=\"screen-reader-text\">Orijinal fiyat: 285&nbsp;&euro;.<\/span><ins aria-hidden=\"true\"><span class=\"woocommerce-Price-amount amount\"><bdi>254&nbsp;<span class=\"woocommerce-Price-currencySymbol\">&euro;<\/span><\/bdi><\/span><\/ins><span class=\"screen-reader-text\">\u015eu andaki fiyat: 254&nbsp;&euro;.<\/span><\/span><\/span>\n<\/a><div class=\"woocommerce-loop-product__buttons\"><a href=\"https:\/\/fixit.mk\/tr\/urun\/dji-mic-2-wireless-microphone\/\" aria-describedby=\"woocommerce_loop_add_to_cart_link_describedby_2663\" data-quantity=\"1\" class=\"button product_type_simple\" data-product_id=\"2663\" data-product_sku=\"\" aria-label=\"&ldquo;DJI Mic 2 Wireless Microphone&rdquo; hakk\u0131nda daha fazla bilgi edinin\" rel=\"nofollow\" data-success_message=\"\">Devam\u0131n\u0131 oku<\/a><\/div>\t<span id=\"woocommerce_loop_add_to_cart_link_describedby_2663\" class=\"screen-reader-text\">\n\t\t\t<\/span>\n<\/li>\n<li class=\"product type-product post-2889 status-publish instock product_cat-dji has-post-thumbnail sale featured shipping-taxable purchasable product-type-simple\">\n\t<a href=\"https:\/\/fixit.mk\/tr\/urun\/dji-flip\/\" class=\"woocommerce-LoopProduct-link woocommerce-loop-product__link\">\n\t<span class=\"onsale\">\u0130ndirim!<\/span>\n\t<img loading=\"lazy\" decoding=\"async\" width=\"600\" height=\"600\" src=\"https:\/\/fixit.mk\/wp-content\/uploads\/2025\/03\/DJI-MINI-2-PROPELLERS-1-600x600.png\" class=\"attachment-woocommerce_thumbnail size-woocommerce_thumbnail\" alt=\"DJI FLIP\" srcset=\"https:\/\/fixit.mk\/wp-content\/uploads\/2025\/03\/DJI-MINI-2-PROPELLERS-1-600x600.png 600w, https:\/\/fixit.mk\/wp-content\/uploads\/2025\/03\/DJI-MINI-2-PROPELLERS-1-300x300.png 300w, https:\/\/fixit.mk\/wp-content\/uploads\/2025\/03\/DJI-MINI-2-PROPELLERS-1-150x150.png 150w, https:\/\/fixit.mk\/wp-content\/uploads\/2025\/03\/DJI-MINI-2-PROPELLERS-1-768x768.png 768w, https:\/\/fixit.mk\/wp-content\/uploads\/2025\/03\/DJI-MINI-2-PROPELLERS-1-12x12.png 12w, https:\/\/fixit.mk\/wp-content\/uploads\/2025\/03\/DJI-MINI-2-PROPELLERS-1-800x800.png 800w, https:\/\/fixit.mk\/wp-content\/uploads\/2025\/03\/DJI-MINI-2-PROPELLERS-1-100x100.png 100w, https:\/\/fixit.mk\/wp-content\/uploads\/2025\/03\/DJI-MINI-2-PROPELLERS-1.png 1000w\" sizes=\"(max-width: 600px) 100vw, 600px\" \/><h2 class=\"woocommerce-loop-product__title\">DJI FLIP<\/h2>\n\t<span class=\"price\"><span class=\"woocs_price_code\" data-currency=\"\" data-redraw-id=\"69e972587b45b\"  data-product-id=\"2889\"><del aria-hidden=\"true\"><span class=\"woocommerce-Price-amount amount\"><bdi>550&nbsp;<span class=\"woocommerce-Price-currencySymbol\">&euro;<\/span><\/bdi><\/span><\/del> <span class=\"screen-reader-text\">Orijinal fiyat: 550&nbsp;&euro;.<\/span><ins aria-hidden=\"true\"><span class=\"woocommerce-Price-amount amount\"><bdi>499&nbsp;<span class=\"woocommerce-Price-currencySymbol\">&euro;<\/span><\/bdi><\/span><\/ins><span class=\"screen-reader-text\">\u015eu andaki fiyat: 499&nbsp;&euro;.<\/span><\/span><\/span>\n<\/a><div class=\"woocommerce-loop-product__buttons\"><a href=\"\/tr\/wp-json\/wp\/v2\/pages\/7?add-to-cart=2889\" aria-describedby=\"woocommerce_loop_add_to_cart_link_describedby_2889\" data-quantity=\"1\" class=\"button product_type_simple add_to_cart_button ajax_add_to_cart\" data-product_id=\"2889\" data-product_sku=\"\" aria-label=\"Sepete ekle: \u201cDJI FLIP\u201d\" rel=\"nofollow\" data-success_message=\"&quot;DJI FLIP&quot; sepetinize eklendi\" role=\"button\">Sepete Ekle<\/a><\/div>\t<span id=\"woocommerce_loop_add_to_cart_link_describedby_2889\" class=\"screen-reader-text\">\n\t\t\t<\/span>\n<\/li>\n<li class=\"product type-product post-2329 status-publish last outofstock product_cat-insta360 has-post-thumbnail featured shipping-taxable purchasable product-type-simple\">\n\t<a href=\"https:\/\/fixit.mk\/tr\/urun\/insta360-x3\/\" class=\"woocommerce-LoopProduct-link woocommerce-loop-product__link\"><img loading=\"lazy\" decoding=\"async\" width=\"600\" height=\"600\" src=\"https:\/\/fixit.mk\/wp-content\/uploads\/2024\/04\/Insta360-X3-600x600.jpg\" class=\"attachment-woocommerce_thumbnail size-woocommerce_thumbnail\" alt=\"Insta360 X3\" srcset=\"https:\/\/fixit.mk\/wp-content\/uploads\/2024\/04\/Insta360-X3-600x600.jpg 600w, https:\/\/fixit.mk\/wp-content\/uploads\/2024\/04\/Insta360-X3-300x300.jpg 300w, https:\/\/fixit.mk\/wp-content\/uploads\/2024\/04\/Insta360-X3-150x150.jpg 150w, https:\/\/fixit.mk\/wp-content\/uploads\/2024\/04\/Insta360-X3-768x768.jpg 768w, https:\/\/fixit.mk\/wp-content\/uploads\/2024\/04\/Insta360-X3-12x12.jpg 12w, https:\/\/fixit.mk\/wp-content\/uploads\/2024\/04\/Insta360-X3-800x800.jpg 800w, https:\/\/fixit.mk\/wp-content\/uploads\/2024\/04\/Insta360-X3-100x100.jpg 100w, https:\/\/fixit.mk\/wp-content\/uploads\/2024\/04\/Insta360-X3.jpg 1000w\" sizes=\"(max-width: 600px) 100vw, 600px\" \/><h2 class=\"woocommerce-loop-product__title\">Insta360 X3<\/h2>\n\t<span class=\"price\"><span class=\"woocs_price_code\" data-currency=\"\" data-redraw-id=\"69e972587babb\"  data-product-id=\"2329\"><span class=\"woocommerce-Price-amount amount\"><bdi>488&nbsp;<span class=\"woocommerce-Price-currencySymbol\">&euro;<\/span><\/bdi><\/span><\/span><\/span>\n<\/a><div class=\"woocommerce-loop-product__buttons\"><a href=\"https:\/\/fixit.mk\/tr\/urun\/insta360-x3\/\" aria-describedby=\"woocommerce_loop_add_to_cart_link_describedby_2329\" data-quantity=\"1\" class=\"button product_type_simple\" data-product_id=\"2329\" data-product_sku=\"\" aria-label=\"&ldquo;Insta360 X3&rdquo; hakk\u0131nda daha fazla bilgi edinin\" rel=\"nofollow\" data-success_message=\"\">Devam\u0131n\u0131 oku<\/a><\/div>\t<span id=\"woocommerce_loop_add_to_cart_link_describedby_2329\" class=\"screen-reader-text\">\n\t\t\t<\/span>\n<\/li>\n<\/ul>\n<\/div>\t\t\t\t<\/div>\n\t\t\t\t<\/div>\n\t\t\t\t\t<\/div>\n\t\t<\/div>\n\t\t\t\t\t<\/div>\n\t\t<\/section>\n\t\t\t\t<\/div>\n\t\t","protected":false},"excerpt":{"rendered":"<p>DJI AVATA 2 FPV Drone<\/p>","protected":false},"author":1,"featured_media":0,"parent":0,"menu_order":0,"comment_status":"closed","ping_status":"closed","template":"","meta":{"_seopress_robots_primary_cat":"","_seopress_titles_title":"","_seopress_titles_desc":"","_seopress_robots_index":"","footnotes":""},"class_list":["post-7","page","type-page","status-publish","hentry"],"_links":{"self":[{"href":"https:\/\/fixit.mk\/tr\/wp-json\/wp\/v2\/pages\/7","targetHints":{"allow":["GET"]}}],"collection":[{"href":"https:\/\/fixit.mk\/tr\/wp-json\/wp\/v2\/pages"}],"about":[{"href":"https:\/\/fixit.mk\/tr\/wp-json\/wp\/v2\/types\/page"}],"author":[{"embeddable":true,"href":"https:\/\/fixit.mk\/tr\/wp-json\/wp\/v2\/users\/1"}],"replies":[{"embeddable":true,"href":"https:\/\/fixit.mk\/tr\/wp-json\/wp\/v2\/comments?post=7"}],"version-history":[{"count":5,"href":"https:\/\/fixit.mk\/tr\/wp-json\/wp\/v2\/pages\/7\/revisions"}],"predecessor-version":[{"id":2476,"href":"https:\/\/fixit.mk\/tr\/wp-json\/wp\/v2\/pages\/7\/revisions\/2476"}],"wp:attachment":[{"href":"https:\/\/fixit.mk\/tr\/wp-json\/wp\/v2\/media?parent=7"}],"curies":[{"name":"wp","href":"https:\/\/api.w.org\/{rel}","templated":true}]}}